{"id":1570,"date":"2024-08-02T21:44:06","date_gmt":"2024-08-02T19:44:06","guid":{"rendered":"http:\/\/terapianowysacz.pl\/?page_id=1570"},"modified":"2025-08-27T13:49:15","modified_gmt":"2025-08-27T11:49:15","slug":"aktualnosci","status":"publish","type":"page","link":"https:\/\/terapianowysacz.pl\/index.php\/aktualnosci\/","title":{"rendered":"Aktualno\u015bci"},"content":{"rendered":"\t\t<div data-elementor-type=\"wp-page\" data-elementor-id=\"1570\" class=\"elementor elementor-1570\">\n\t\t\t\t\t\t\t\t\t<section class=\"elementor-section elementor-top-section elementor-element elementor-element-f33d6ba elementor-section-boxed elementor-section-height-default elementor-section-height-default\" data-id=\"f33d6ba\" data-element_type=\"section\">\n\t\t\t\t\t\t<div class=\"elementor-container elementor-column-gap-default\">\n\t\t\t\t\t<div class=\"elementor-column elementor-col-100 elementor-top-column elementor-element elementor-element-8ccfcb5\" data-id=\"8ccfcb5\" data-element_type=\"column\">\n\t\t\t<div class=\"elementor-widget-wrap elementor-element-populated\">\n\t\t\t\t\t\t\t\t<div class=\"elementor-element elementor-element-3f80f86 elementor-widget elementor-widget-text-editor\" data-id=\"3f80f86\" data-element_type=\"widget\" data-widget_type=\"text-editor.default\">\n\t\t\t\t<div class=\"elementor-widget-container\">\n\t\t\t<style>\/*! elementor - v3.15.0 - 20-08-2023 *\/\n.elementor-widget-text-editor.elementor-drop-cap-view-stacked .elementor-drop-cap{background-color:#69727d;color:#fff}.elementor-widget-text-editor.elementor-drop-cap-view-framed .elementor-drop-cap{color:#69727d;border:3px solid;background-color:transparent}.elementor-widget-text-editor:not(.elementor-drop-cap-view-default) .elementor-drop-cap{margin-top:8px}.elementor-widget-text-editor:not(.elementor-drop-cap-view-default) .elementor-drop-cap-letter{width:1em;height:1em}.elementor-widget-text-editor .elementor-drop-cap{float:left;text-align:center;line-height:1;font-size:50px}.elementor-widget-text-editor .elementor-drop-cap-letter{display:inline-block}<\/style>\t\t\t\t<div class=\"entry-content\"><h4><img loading=\"lazy\" decoding=\"async\" class=\"alignnone size-medium wp-image-1584\" src=\"https:\/\/terapianowysacz.pl\/wp-content\/uploads\/2024\/08\/tus-300x282.jpg\" alt=\"\" width=\"300\" height=\"282\" srcset=\"https:\/\/terapianowysacz.pl\/wp-content\/uploads\/2024\/08\/tus-300x282.jpg 300w, https:\/\/terapianowysacz.pl\/wp-content\/uploads\/2024\/08\/tus-230x216.jpg 230w, https:\/\/terapianowysacz.pl\/wp-content\/uploads\/2024\/08\/tus-350x329.jpg 350w, https:\/\/terapianowysacz.pl\/wp-content\/uploads\/2024\/08\/tus-480x451.jpg 480w, https:\/\/terapianowysacz.pl\/wp-content\/uploads\/2024\/08\/tus.jpg 750w\" sizes=\"auto, (max-width: 300px) 100vw, 300px\" \/><\/h4><h2>Trening Umiej\u0119tno\u015bci Spo\u0142ecznych<\/h2><h4>Ju\u017c od dzisiaj zapraszamy do ZAPIS\u00d3W NA TRENING UMIEJ\u0118TNO\u015aCI SPO\u0141ECZNYCH dzieci od 5 do 17 r.\u017c. w dostosowanych grupach wiekowych.<\/h4><h4>Trening umiej\u0119tno\u015bci spo\u0142ecznych (TUS)<\/h4><p>to proces edukacyjny i terapeutyczny maj\u0105cy na celu nauczenie lub ulepszenie umiej\u0119tno\u015bci spo\u0142ecznych i interpersonalnych. Programy jest ukierunkowany na konkretne umiej\u0119tno\u015bci, takie jak asertywno\u015b\u0107, komunikacja werbalna i niewerbalna, umiej\u0119tno\u015bci radzenia sobie w trudnych sytuacjach spo\u0142ecznych, czy te\u017c budowanie i utrzymywanie relacji. Ka\u017cdy program opracowany jest z my\u015bl\u0105 o indywidualnych potrzebach uczestnik\u00f3w grupy.<\/p><h4><strong>Zaj\u0119cia TUS skierowane s\u0105 dla dzieci i m\u0142odzie\u017cy :<\/strong><\/h4><ul><li>nie\u015bmia\u0142ych, nie wierz\u0105cych w swoje mo\u017cliwo\u015bci, wycofanych spo\u0142ecznie<\/li><li>maj\u0105cych trudno\u015bci w nawi\u0105zywaniu i utrzymywaniu kontakt\u00f3w spo\u0142ecznych<\/li><li>z trudno\u015bciami z adaptacj\u0105 do nowych sytuacji<\/li><li>maj\u0105cych trudno\u015bci z przestrzeganiem norm spo\u0142ecznych<\/li><li>przejawiaj\u0105cych agresj\u0119<\/li><li>z diagnoz\u0105\u00a0ADHD<\/li><li>z diagnoz\u0105 ca\u0142o\u015bciowych zaburze\u0144 rozwoju (Zesp\u00f3\u0142 Aspergera,\u00a0Autyzm) lub z podejrzeniem wyst\u0119powania zaburze\u0144 rozwojowych<\/li><\/ul><h4><strong>Cel zaj\u0119\u0107 TUS:<\/strong><\/h4><ul><li>trening umiej\u0119tno\u015bci spo\u0142ecznych<\/li><li>trening umiej\u0119tno\u015bci komunikacyjnych<\/li><li>trening pewno\u015bci siebie<\/li><li>praca nad przestrzeganiem zasad<\/li><li>uczenie si\u0119 rozpoznawania\u00a0emocji\u00a0i potrzeb<\/li><li>odreagowanie napi\u0119\u0107 emocjonalnych<\/li><li>niwelowanie zachowa\u0144 niepo\u017c\u0105danych i stereotypowych<\/li><\/ul><p><strong>Dla kogo s\u0105 zaj\u0119cia TUS?<\/strong><\/p><p>Zaj\u0119cia prowadzimy dla dzieci oraz m\u0142odzie\u017cy w wieku od 5 do 17 lat. Zapraszamy wszystkich zainteresowanych do bezpo\u015bredniego kontaktu z nasz\u0105 Rejestracj\u0105.<\/p><p>Zaj\u0119cia b\u0119d\u0105 odbywa\u0107 si\u0119 co tydzie\u0144 w kameralnych grupach kilkuosobowych. Liczba przewidzianych spotka\u0144 w turnusie to 12 zaj\u0119\u0107, a czas ich trwania \u2013 60 minut.<\/p><p>W celu dostania si\u0119 do grupy, nale\u017cy odby\u0107 wst\u0119pn\u0105 konsultacj\u0119 z certyfikowanym trenerem TUS. Pierwsza wizyta u specjalisty s\u0142u\u017cy ustaleniu zapotrzebowania zar\u00f3wno dzieci, jak i rodzic\u00f3w\u00a0oraz dobrania indywidualnego programu dostosowanego do zebranej grupy.<\/p><p>Trening umiej\u0119tno\u015bci spo\u0142ecznych dla dzieci i m\u0142odzie\u017cy w naszym Centrum to \u015bwietny spos\u00f3b na nauk\u0119 i rozwijanie kompetencji w zaufanym, bezpiecznym gronie.<\/p><p>*Dni i godzina zaj\u0119\u0107 dostosowane s\u0105 do preferencji grupy.<\/p><p><strong>Zapisy pod nr telefonu: 668-366-607<\/strong><\/p><p>lub na maila<\/p><p><strong>cppp.kontakt@gmail.com<\/strong><\/p><\/div><div>\u00a0<\/div><div>\u00a0<\/div>\t\t\t\t\t\t<\/div>\n\t\t\t\t<\/div>\n\t\t\t\t\t<\/div>\n\t\t<\/div>\n\t\t\t\t\t\t\t<\/div>\n\t\t<\/section>\n\t\t\t\t\t\t\t<\/div>\n\t\t","protected":false},"excerpt":{"rendered":"<p>Trening Umiej\u0119tno\u015bci Spo\u0142ecznych Ju\u017c od dzisiaj zapraszamy do ZAPIS\u00d3W NA TRENING UMIEJ\u0118TNO\u015aCI SPO\u0141ECZNYCH dzieci od 5 do 17 r.\u017c. w dostosowanych grupach [&hellip;]<\/p>\n","protected":false},"author":3,"featured_media":0,"parent":0,"menu_order":0,"comment_status":"closed","ping_status":"closed","template":"","meta":{"footnotes":""},"class_list":["post-1570","page","type-page","status-publish","hentry"],"_links":{"self":[{"href":"https:\/\/terapianowysacz.pl\/index.php\/wp-json\/wp\/v2\/pages\/1570","targetHints":{"allow":["GET"]}}],"collection":[{"href":"https:\/\/terapianowysacz.pl\/index.php\/wp-json\/wp\/v2\/pages"}],"about":[{"href":"https:\/\/terapianowysacz.pl\/index.php\/wp-json\/wp\/v2\/types\/page"}],"author":[{"embeddable":true,"href":"https:\/\/terapianowysacz.pl\/index.php\/wp-json\/wp\/v2\/users\/3"}],"replies":[{"embeddable":true,"href":"https:\/\/terapianowysacz.pl\/index.php\/wp-json\/wp\/v2\/comments?post=1570"}],"version-history":[{"count":25,"href":"https:\/\/terapianowysacz.pl\/index.php\/wp-json\/wp\/v2\/pages\/1570\/revisions"}],"predecessor-version":[{"id":1627,"href":"https:\/\/terapianowysacz.pl\/index.php\/wp-json\/wp\/v2\/pages\/1570\/revisions\/1627"}],"wp:attachment":[{"href":"https:\/\/terapianowysacz.pl\/index.php\/wp-json\/wp\/v2\/media?parent=1570"}],"curies":[{"name":"wp","href":"https:\/\/api.w.org\/{rel}","templated":true}]}}